{"id":8,"date":"2016-09-02T14:01:37","date_gmt":"2016-09-02T12:01:37","guid":{"rendered":"http:\/\/www.livecasino.net\/?page_id=8"},"modified":"2018-06-13T18:44:25","modified_gmt":"2018-06-13T16:44:25","slug":"baccarat","status":"publish","type":"page","link":"https:\/\/livecasino.net\/sv\/baccarat\/","title":{"rendered":"Live Baccarat p\u00e5 Casino"},"content":{"rendered":"<p>Baccarat \u00e4r, till skillnad fr\u00e5n blackjack och andra bordsspel s\u00e5som casino hold&#8217;em och caribbean stud, ett spel d\u00e4r slumpen har all makt och som spelare \u00e4r du helt utl\u00e4mnad till \u00f6dets nycker. Dina enda uppgifter i en spelomg\u00e5ng \u00e4r att v\u00e4lja insats och d\u00e4refter v\u00e4lja ett av de tre spelalternativen.<\/p>\n<h3>S\u00e5 h\u00e4r spelar du baccarat p\u00e5 livecasino<\/h3>\n<p>Eftersom baccarat \u00e4r ett s\u00e5dant okomplicerat spel \u00e4r det en barnlek att komma in i spelandet n\u00e4r du vill spela baccarat p\u00e5 livecasino. Du v\u00e4ljer insats och spelalternativ p\u00e5 samma s\u00e4tt som om du hade spelat mot en virtuell dealer och sedan l\u00e5ter du dealern spela ut bankens respektive spelarens hand. <\/p>\n<p>Viktigt att k\u00e4nna till n\u00e4r det g\u00e4ller spel p\u00e5 baccarat, offline som online och p\u00e5 vanligt datorcasino som p\u00e5 live casino, \u00e4r att den hand som kategoriseras som \u201dspelarens\u201d inte \u00e4r din hand och att banken egentligen inte heller har n\u00e5gon egen hand. I baccarat \u00e4r de tv\u00e5 h\u00e4nderna egentligen bara instrument f\u00f6r att avg\u00f6ra vilka av de satsningar i handen som ska anses vara vinstgivande. Det \u00e4r detta koncept som g\u00f6r att du kan spela p\u00e5 b\u00e5de spelarens hand och bankens hand (samt p\u00e5 oavgjort).<\/p>\n<p>Den vinnande handen \u00e4r den hand som n\u00e5r det h\u00f6gsta po\u00e4ngtalet p\u00e5 tv\u00e5 eller tre kort. Po\u00e4ngtalet nio (9) \u00e4r max. Efter det att alla satsningar \u00e4r placerade kommer dealern att placera ut tv\u00e5 kort p\u00e5 vardera alternativ (spelaren respektive banken). Skulle en hand f\u00e5 ett tal som \u00f6verstiger 9 dras 10 bort automatiskt. Varje tiotal r\u00e4knas allts\u00e5 som noll och det \u00e4r fr\u00e5n det gammalitalienska ordet f\u00f6r just noll (baccara) som spelet har f\u00e5tt sitt namn.<\/p>\n","protected":false},"excerpt":{"rendered":"<p>Baccarat \u00e4r, till skillnad fr\u00e5n blackjack och andra bordsspel s\u00e5som casino hold&#8217;em och caribbean stud, ett spel d\u00e4r slumpen har all makt och som spelare \u00e4r du helt utl\u00e4mnad till \u00f6dets nycker. Dina enda uppgifter i en spelomg\u00e5ng \u00e4r att v\u00e4lja insats och d\u00e4refter v\u00e4lja ett av de tre spelalternativen. S\u00e5 h\u00e4r spelar du baccarat &hellip; <\/p>\n<p class=\"link-more\"><a href=\"https:\/\/livecasino.net\/sv\/baccarat\/\" class=\"more-link\">Forts\u00e4tt l\u00e4sa<span class=\"screen-reader-text\"> \u201dLive Baccarat p\u00e5 Casino\u201d<\/span><\/a><\/p>\n","protected":false},"author":2,"featured_media":0,"parent":0,"menu_order":0,"comment_status":"closed","ping_status":"closed","template":"","meta":{"footnotes":""},"class_list":["post-8","page","type-page","status-publish","hentry"],"yoast_head":"<!-- This site is optimized with the Yoast SEO plugin v27.4 - https:\/\/yoast.com\/product\/yoast-seo-wordpress\/ -->\n<title>Live Baccarat p\u00e5 Casino - Livecasino<\/title>\n<meta name=\"description\" content=\"Baccarat tillh\u00f6r de klassiska spelen p\u00e5 livecasino. H\u00e4r hittar du b\u00e4st tips och bonus, test spela baccarat direkt &gt;&gt;\" \/>\n<meta name=\"robots\" content=\"index, follow, max-snippet:-1, max-image-preview:large, max-video-preview:-1\" \/>\n<link rel=\"canonical\" href=\"https:\/\/livecasino.net\/sv\/baccarat\/\" \/>\n<meta property=\"og:locale\" content=\"sv_SE\" \/>\n<meta property=\"og:type\" content=\"article\" \/>\n<meta property=\"og:title\" content=\"Live Baccarat p\u00e5 Casino - Livecasino\" \/>\n<meta property=\"og:description\" content=\"Baccarat tillh\u00f6r de klassiska spelen p\u00e5 livecasino. H\u00e4r hittar du b\u00e4st tips och bonus, test spela baccarat direkt &gt;&gt;\" \/>\n<meta property=\"og:url\" content=\"https:\/\/livecasino.net\/sv\/baccarat\/\" \/>\n<meta property=\"og:site_name\" content=\"Livecasino\" \/>\n<meta property=\"article:modified_time\" content=\"2018-06-13T16:44:25+00:00\" \/>\n<meta name=\"twitter:card\" content=\"summary_large_image\" \/>\n<meta name=\"twitter:label1\" content=\"Ber\u00e4knad l\u00e4stid\" \/>\n\t<meta name=\"twitter:data1\" content=\"1 minut\" \/>\n<script type=\"application\/ld+json\" class=\"yoast-schema-graph\">{\"@context\":\"https:\\\/\\\/schema.org\",\"@graph\":[{\"@type\":\"WebPage\",\"@id\":\"https:\\\/\\\/livecasino.net\\\/sv\\\/baccarat\\\/\",\"url\":\"https:\\\/\\\/livecasino.net\\\/sv\\\/baccarat\\\/\",\"name\":\"Live Baccarat p\u00e5 Casino - Livecasino\",\"isPartOf\":{\"@id\":\"https:\\\/\\\/livecasino.net\\\/#website\"},\"datePublished\":\"2016-09-02T12:01:37+00:00\",\"dateModified\":\"2018-06-13T16:44:25+00:00\",\"description\":\"Baccarat tillh\u00f6r de klassiska spelen p\u00e5 livecasino. H\u00e4r hittar du b\u00e4st tips och bonus, test spela baccarat direkt >>\",\"breadcrumb\":{\"@id\":\"https:\\\/\\\/livecasino.net\\\/sv\\\/baccarat\\\/#breadcrumb\"},\"inLanguage\":\"sv-SE\",\"potentialAction\":[{\"@type\":\"ReadAction\",\"target\":[\"https:\\\/\\\/livecasino.net\\\/sv\\\/baccarat\\\/\"]}]},{\"@type\":\"BreadcrumbList\",\"@id\":\"https:\\\/\\\/livecasino.net\\\/sv\\\/baccarat\\\/#breadcrumb\",\"itemListElement\":[{\"@type\":\"ListItem\",\"position\":1,\"name\":\"Start\",\"item\":\"https:\\\/\\\/livecasino.net\\\/sv\\\/\"},{\"@type\":\"ListItem\",\"position\":2,\"name\":\"Live Baccarat p\u00e5 Casino\"}]},{\"@type\":\"WebSite\",\"@id\":\"https:\\\/\\\/livecasino.net\\\/#website\",\"url\":\"https:\\\/\\\/livecasino.net\\\/\",\"name\":\"Livecasino\",\"description\":\"En till WordPress-webbplats\",\"potentialAction\":[{\"@type\":\"SearchAction\",\"target\":{\"@type\":\"EntryPoint\",\"urlTemplate\":\"https:\\\/\\\/livecasino.net\\\/?s={search_term_string}\"},\"query-input\":{\"@type\":\"PropertyValueSpecification\",\"valueRequired\":true,\"valueName\":\"search_term_string\"}}],\"inLanguage\":\"sv-SE\"}]}<\/script>\n<!-- \/ Yoast SEO plugin. -->","yoast_head_json":{"title":"Live Baccarat p\u00e5 Casino - Livecasino","description":"Baccarat tillh\u00f6r de klassiska spelen p\u00e5 livecasino. H\u00e4r hittar du b\u00e4st tips och bonus, test spela baccarat direkt >>","robots":{"index":"index","follow":"follow","max-snippet":"max-snippet:-1","max-image-preview":"max-image-preview:large","max-video-preview":"max-video-preview:-1"},"canonical":"https:\/\/livecasino.net\/sv\/baccarat\/","og_locale":"sv_SE","og_type":"article","og_title":"Live Baccarat p\u00e5 Casino - Livecasino","og_description":"Baccarat tillh\u00f6r de klassiska spelen p\u00e5 livecasino. H\u00e4r hittar du b\u00e4st tips och bonus, test spela baccarat direkt >>","og_url":"https:\/\/livecasino.net\/sv\/baccarat\/","og_site_name":"Livecasino","article_modified_time":"2018-06-13T16:44:25+00:00","twitter_card":"summary_large_image","twitter_misc":{"Ber\u00e4knad l\u00e4stid":"1 minut"},"schema":{"@context":"https:\/\/schema.org","@graph":[{"@type":"WebPage","@id":"https:\/\/livecasino.net\/sv\/baccarat\/","url":"https:\/\/livecasino.net\/sv\/baccarat\/","name":"Live Baccarat p\u00e5 Casino - Livecasino","isPartOf":{"@id":"https:\/\/livecasino.net\/#website"},"datePublished":"2016-09-02T12:01:37+00:00","dateModified":"2018-06-13T16:44:25+00:00","description":"Baccarat tillh\u00f6r de klassiska spelen p\u00e5 livecasino. H\u00e4r hittar du b\u00e4st tips och bonus, test spela baccarat direkt >>","breadcrumb":{"@id":"https:\/\/livecasino.net\/sv\/baccarat\/#breadcrumb"},"inLanguage":"sv-SE","potentialAction":[{"@type":"ReadAction","target":["https:\/\/livecasino.net\/sv\/baccarat\/"]}]},{"@type":"BreadcrumbList","@id":"https:\/\/livecasino.net\/sv\/baccarat\/#breadcrumb","itemListElement":[{"@type":"ListItem","position":1,"name":"Start","item":"https:\/\/livecasino.net\/sv\/"},{"@type":"ListItem","position":2,"name":"Live Baccarat p\u00e5 Casino"}]},{"@type":"WebSite","@id":"https:\/\/livecasino.net\/#website","url":"https:\/\/livecasino.net\/","name":"Livecasino","description":"En till WordPress-webbplats","potentialAction":[{"@type":"SearchAction","target":{"@type":"EntryPoint","urlTemplate":"https:\/\/livecasino.net\/?s={search_term_string}"},"query-input":{"@type":"PropertyValueSpecification","valueRequired":true,"valueName":"search_term_string"}}],"inLanguage":"sv-SE"}]}},"_links":{"self":[{"href":"https:\/\/livecasino.net\/sv\/wp-json\/wp\/v2\/pages\/8","targetHints":{"allow":["GET"]}}],"collection":[{"href":"https:\/\/livecasino.net\/sv\/wp-json\/wp\/v2\/pages"}],"about":[{"href":"https:\/\/livecasino.net\/sv\/wp-json\/wp\/v2\/types\/page"}],"author":[{"embeddable":true,"href":"https:\/\/livecasino.net\/sv\/wp-json\/wp\/v2\/users\/2"}],"replies":[{"embeddable":true,"href":"https:\/\/livecasino.net\/sv\/wp-json\/wp\/v2\/comments?post=8"}],"version-history":[{"count":2,"href":"https:\/\/livecasino.net\/sv\/wp-json\/wp\/v2\/pages\/8\/revisions"}],"predecessor-version":[{"id":140,"href":"https:\/\/livecasino.net\/sv\/wp-json\/wp\/v2\/pages\/8\/revisions\/140"}],"wp:attachment":[{"href":"https:\/\/livecasino.net\/sv\/wp-json\/wp\/v2\/media?parent=8"}],"curies":[{"name":"wp","href":"https:\/\/api.w.org\/{rel}","templated":true}]}}