{"id":4,"date":"2016-09-02T14:00:34","date_gmt":"2016-09-02T12:00:34","guid":{"rendered":"http:\/\/www.livecasino.net\/?page_id=4"},"modified":"2018-06-13T18:42:43","modified_gmt":"2018-06-13T16:42:43","slug":"livecasino","status":"publish","type":"page","link":"https:\/\/livecasino.net\/sv\/","title":{"rendered":"Live Casino Spelguide"},"content":{"rendered":"<p><strong>Livecasino<\/strong> som koncept uppfanns av mjukvaruutvecklaren <a href=\"\/evolution-gaming\/\">Evolution Gaming<\/a> redan 2006, vid en tid d\u00e5 de flesta knappt hade varken datorer eller uppkopplingar nog f\u00f6r att orka med att streama video \u00f6ver n\u00e4tet. Det \u00e4r just streamingen som \u00e4r det centrala med livecasino. N\u00e4r du klickar upp livecasino p\u00e5 ditt favoritcasino presenteras du f\u00f6r ett spelbord som st\u00e5r uppst\u00e4llt antingen i ett riktigt casino eller i en studio. Vid bordet arbetar en dealer\/croupier och du f\u00e5r ta del av allt som sker vid bordet via str\u00f6mmande bild och ljud. <\/p>\n<h3>Kom ig\u00e5ng att spela p\u00e5 livecasino<\/h3>\n<p>Livecasino kan upplevas som lite skr\u00e4mmande till en b\u00f6rjan. Du kastas ju faktiskt in i hetluften mot den riktig dealer\/croupier. Emellertid kan du ta inl\u00e4rningsprocessen i vilken takt du vill. Du beh\u00f6ver inte ens placera spel n\u00e4r du virtuellt s\u00e4tter dig vid spelborden, utan kan bara h\u00e4nga med ett tag och se hur allt fungerar. N\u00e4r du k\u00e4nner dig redo att b\u00f6rja spela p\u00e5 riktigt ska du f\u00f6rst v\u00e4lja spel. De flesta n\u00e4tcasinon med livecasino har b\u00e5de roulette, blackjack och baccarat i utbudet och en del har \u00e4ven three card poker och casino hold&#8217;em. N\u00e4r du har valt spel ska du sedan v\u00e4lja bord. H\u00e4r v\u00e4ljer du med f\u00f6rdel ett bord med insatsniv\u00e5er som passar din spelkassa.<\/p>\n<p>N\u00e4r du sedan s\u00e4tter dig f\u00f6r att spela p\u00e5 riktigt \u00e4r det bara att f\u00f6lja instruktionerna som visas l\u00e4ngst ned p\u00e5 spelsk\u00e4rmen. Du kan ocks\u00e5, om det inte \u00e4r f\u00f6r m\u00e5nga som spelar samtidigt, fr\u00e5ga dealern om r\u00e5d och tips. Som du f\u00f6rst\u00e5r \u00e4r det en f\u00f6rdel om du har spelat ditt valda spel tidigare, till exempel i den ordinarie avdelningen f\u00f6r bordsspel, men du ska inte ha n\u00e5gra problem att komma in i handlingen i livecasinot \u00e4ven om du \u00e4r komplett nyb\u00f6rjare.<\/p>\n<h3>Livecasino i mobilen och surfplattan<\/h3>\n<p>Utvecklingen g\u00e5r snabbt fram\u00e5t b\u00e5de vad g\u00e4ller h\u00e5rdvara och mjukvara, och idag finns goda m\u00f6jligheter att spela livecasino \u00e4ven i mobilen (nyare smartphone kr\u00e4vs) och i surfplattan. Det \u00e4r onekligen n\u00e5got mycket speciellt med att kunna ta del av spel mot en riktig dealer som arbetar framf\u00f6r en kamera exempelvis p\u00e5 Malta samtidigt som man sj\u00e4lv ligger i soffan eller sitter p\u00e5 bussen\/pendeln p\u00e5 v\u00e4g till jobbet. <\/p>\n","protected":false},"excerpt":{"rendered":"<p>Livecasino som koncept uppfanns av mjukvaruutvecklaren Evolution Gaming redan 2006, vid en tid d\u00e5 de flesta knappt hade varken datorer eller uppkopplingar nog f\u00f6r att orka med att streama video \u00f6ver n\u00e4tet. Det \u00e4r just streamingen som \u00e4r det centrala med livecasino. N\u00e4r du klickar upp livecasino p\u00e5 ditt favoritcasino presenteras du f\u00f6r ett spelbord &hellip; <\/p>\n<p class=\"link-more\"><a href=\"https:\/\/livecasino.net\/sv\/\" class=\"more-link\">Forts\u00e4tt l\u00e4sa<span class=\"screen-reader-text\"> \u201dLive Casino Spelguide\u201d<\/span><\/a><\/p>\n","protected":false},"author":2,"featured_media":0,"parent":0,"menu_order":0,"comment_status":"closed","ping_status":"closed","template":"","meta":{"footnotes":""},"class_list":["post-4","page","type-page","status-publish","hentry"],"yoast_head":"<!-- This site is optimized with the Yoast SEO plugin v27.4 - https:\/\/yoast.com\/product\/yoast-seo-wordpress\/ -->\n<title>Live Casino Spelguide - Livecasino<\/title>\n<meta name=\"description\" content=\"Alla livecasinon i j\u00e4mf\u00f6relse. Hitta b\u00e4st livecasino och spela direkt med riktigt gener\u00f6sa bonusar. Guide till spel p\u00e5 livecasino &gt;&gt;\" \/>\n<meta name=\"robots\" content=\"index, follow, max-snippet:-1, max-image-preview:large, max-video-preview:-1\" \/>\n<link rel=\"canonical\" href=\"https:\/\/livecasino.net\/sv\/\" \/>\n<meta property=\"og:locale\" content=\"sv_SE\" \/>\n<meta property=\"og:type\" content=\"article\" \/>\n<meta property=\"og:title\" content=\"Live Casino Spelguide - Livecasino\" \/>\n<meta property=\"og:description\" content=\"Alla livecasinon i j\u00e4mf\u00f6relse. Hitta b\u00e4st livecasino och spela direkt med riktigt gener\u00f6sa bonusar. Guide till spel p\u00e5 livecasino &gt;&gt;\" \/>\n<meta property=\"og:url\" content=\"https:\/\/livecasino.net\/sv\/\" \/>\n<meta property=\"og:site_name\" content=\"Livecasino\" \/>\n<meta property=\"article:modified_time\" content=\"2018-06-13T16:42:43+00:00\" \/>\n<meta name=\"twitter:card\" content=\"summary_large_image\" \/>\n<meta name=\"twitter:label1\" content=\"Ber\u00e4knad l\u00e4stid\" \/>\n\t<meta name=\"twitter:data1\" content=\"2 minuter\" \/>\n<script type=\"application\/ld+json\" class=\"yoast-schema-graph\">{\"@context\":\"https:\\\/\\\/schema.org\",\"@graph\":[{\"@type\":\"WebPage\",\"@id\":\"https:\\\/\\\/livecasino.net\\\/sv\\\/\",\"url\":\"https:\\\/\\\/livecasino.net\\\/sv\\\/\",\"name\":\"Live Casino Spelguide - Livecasino\",\"isPartOf\":{\"@id\":\"https:\\\/\\\/livecasino.net\\\/#website\"},\"datePublished\":\"2016-09-02T12:00:34+00:00\",\"dateModified\":\"2018-06-13T16:42:43+00:00\",\"description\":\"Alla livecasinon i j\u00e4mf\u00f6relse. Hitta b\u00e4st livecasino och spela direkt med riktigt gener\u00f6sa bonusar. Guide till spel p\u00e5 livecasino >>\",\"breadcrumb\":{\"@id\":\"https:\\\/\\\/livecasino.net\\\/sv\\\/#breadcrumb\"},\"inLanguage\":\"sv-SE\",\"potentialAction\":[{\"@type\":\"ReadAction\",\"target\":[\"https:\\\/\\\/livecasino.net\\\/sv\\\/\"]}]},{\"@type\":\"BreadcrumbList\",\"@id\":\"https:\\\/\\\/livecasino.net\\\/sv\\\/#breadcrumb\",\"itemListElement\":[{\"@type\":\"ListItem\",\"position\":1,\"name\":\"Start\",\"item\":\"https:\\\/\\\/livecasino.net\\\/sv\\\/\"},{\"@type\":\"ListItem\",\"position\":2,\"name\":\"Live Casino Spelguide\"}]},{\"@type\":\"WebSite\",\"@id\":\"https:\\\/\\\/livecasino.net\\\/#website\",\"url\":\"https:\\\/\\\/livecasino.net\\\/\",\"name\":\"Livecasino\",\"description\":\"En till WordPress-webbplats\",\"potentialAction\":[{\"@type\":\"SearchAction\",\"target\":{\"@type\":\"EntryPoint\",\"urlTemplate\":\"https:\\\/\\\/livecasino.net\\\/?s={search_term_string}\"},\"query-input\":{\"@type\":\"PropertyValueSpecification\",\"valueRequired\":true,\"valueName\":\"search_term_string\"}}],\"inLanguage\":\"sv-SE\"}]}<\/script>\n<!-- \/ Yoast SEO plugin. -->","yoast_head_json":{"title":"Live Casino Spelguide - Livecasino","description":"Alla livecasinon i j\u00e4mf\u00f6relse. Hitta b\u00e4st livecasino och spela direkt med riktigt gener\u00f6sa bonusar. Guide till spel p\u00e5 livecasino >>","robots":{"index":"index","follow":"follow","max-snippet":"max-snippet:-1","max-image-preview":"max-image-preview:large","max-video-preview":"max-video-preview:-1"},"canonical":"https:\/\/livecasino.net\/sv\/","og_locale":"sv_SE","og_type":"article","og_title":"Live Casino Spelguide - Livecasino","og_description":"Alla livecasinon i j\u00e4mf\u00f6relse. Hitta b\u00e4st livecasino och spela direkt med riktigt gener\u00f6sa bonusar. Guide till spel p\u00e5 livecasino >>","og_url":"https:\/\/livecasino.net\/sv\/","og_site_name":"Livecasino","article_modified_time":"2018-06-13T16:42:43+00:00","twitter_card":"summary_large_image","twitter_misc":{"Ber\u00e4knad l\u00e4stid":"2 minuter"},"schema":{"@context":"https:\/\/schema.org","@graph":[{"@type":"WebPage","@id":"https:\/\/livecasino.net\/sv\/","url":"https:\/\/livecasino.net\/sv\/","name":"Live Casino Spelguide - Livecasino","isPartOf":{"@id":"https:\/\/livecasino.net\/#website"},"datePublished":"2016-09-02T12:00:34+00:00","dateModified":"2018-06-13T16:42:43+00:00","description":"Alla livecasinon i j\u00e4mf\u00f6relse. Hitta b\u00e4st livecasino och spela direkt med riktigt gener\u00f6sa bonusar. Guide till spel p\u00e5 livecasino >>","breadcrumb":{"@id":"https:\/\/livecasino.net\/sv\/#breadcrumb"},"inLanguage":"sv-SE","potentialAction":[{"@type":"ReadAction","target":["https:\/\/livecasino.net\/sv\/"]}]},{"@type":"BreadcrumbList","@id":"https:\/\/livecasino.net\/sv\/#breadcrumb","itemListElement":[{"@type":"ListItem","position":1,"name":"Start","item":"https:\/\/livecasino.net\/sv\/"},{"@type":"ListItem","position":2,"name":"Live Casino Spelguide"}]},{"@type":"WebSite","@id":"https:\/\/livecasino.net\/#website","url":"https:\/\/livecasino.net\/","name":"Livecasino","description":"En till WordPress-webbplats","potentialAction":[{"@type":"SearchAction","target":{"@type":"EntryPoint","urlTemplate":"https:\/\/livecasino.net\/?s={search_term_string}"},"query-input":{"@type":"PropertyValueSpecification","valueRequired":true,"valueName":"search_term_string"}}],"inLanguage":"sv-SE"}]}},"_links":{"self":[{"href":"https:\/\/livecasino.net\/sv\/wp-json\/wp\/v2\/pages\/4","targetHints":{"allow":["GET"]}}],"collection":[{"href":"https:\/\/livecasino.net\/sv\/wp-json\/wp\/v2\/pages"}],"about":[{"href":"https:\/\/livecasino.net\/sv\/wp-json\/wp\/v2\/types\/page"}],"author":[{"embeddable":true,"href":"https:\/\/livecasino.net\/sv\/wp-json\/wp\/v2\/users\/2"}],"replies":[{"embeddable":true,"href":"https:\/\/livecasino.net\/sv\/wp-json\/wp\/v2\/comments?post=4"}],"version-history":[{"count":2,"href":"https:\/\/livecasino.net\/sv\/wp-json\/wp\/v2\/pages\/4\/revisions"}],"predecessor-version":[{"id":135,"href":"https:\/\/livecasino.net\/sv\/wp-json\/wp\/v2\/pages\/4\/revisions\/135"}],"wp:attachment":[{"href":"https:\/\/livecasino.net\/sv\/wp-json\/wp\/v2\/media?parent=4"}],"curies":[{"name":"wp","href":"https:\/\/api.w.org\/{rel}","templated":true}]}}