{"id":20,"date":"2016-09-02T14:06:59","date_gmt":"2016-09-02T12:06:59","guid":{"rendered":"http:\/\/www.livecasino.net\/?page_id=20"},"modified":"2018-06-13T18:43:16","modified_gmt":"2018-06-13T16:43:16","slug":"roulette","status":"publish","type":"page","link":"https:\/\/livecasino.net\/sv\/roulette\/","title":{"rendered":"Live Roulette p\u00e5 Casino"},"content":{"rendered":"<p>Roulette \u00e4r helt klart nummer ett bland de bordsspel som finns tillg\u00e4ngliga i live casino-versioner. Det \u00e4r ganska naturligt eftersom roulette faktiskt \u00e4r det mest popul\u00e4ra bordsspelet alla kategorier.  Varje leverant\u00f6r av livecasino-spel har minst en variant av roulette i sitt utbud och alla n\u00e4tcasinon som erbjuder livecasino ser till att roulette finns med i utbudet. <\/p>\n<h3>Spela roulette mot riktiga croupierer<\/h3>\n<p>Att spela roulette p\u00e5 n\u00e4tcasino mot en virtuell dealer kan i l\u00e4ngden bli lite l\u00e5ngtr\u00e5kigt. Spelet i sig \u00e4r ju helt slumpbaserat s\u00e5 n\u00e5gon riktig utmaning finns ju inte. Dessutom kan det k\u00e4nnas ensamt att spela. Roulette p\u00e5 livecasino \u00e4r raka motsatsen. H\u00e4r spelar du n\u00e4mligen mot en riktig croupier som sitter i en studio eller i ett landbaserat casino n\u00e5gonstans i Europa. Allt som sker vid bordet ser du via videol\u00e4nk p\u00e5 din datorsk\u00e4rm eller i mobilen\/p\u00e5 surfplattan. Det \u00e4r inte riktigt som att spela casino p\u00e5 riktigt (du beh\u00f6ver till exempel inte kl\u00e4 upp dig!), men spelk\u00e4nslan blir minst sagt autentisk. <\/p>\n<h3>S\u00e5 h\u00e4r spelar du roulette p\u00e5 livecasino<\/h3>\n<p>Om du k\u00e4nner dig manad att b\u00f6rja spela roulette p\u00e5 livecasino \u00e4r din f\u00f6rsta uppgift att leta r\u00e4tt p\u00e5 ett casino som erbjuder livespel. De flesta casinon idag g\u00f6r det, s\u00e5 denna uppgift \u00e4r inte s\u00e5 knepig. N\u00e4sta steg \u00e4r att v\u00e4lja vilken insatsniv\u00e5 du vill spela p\u00e5 och (eventuellt) vilken speltyp du vill prova p\u00e5. Det finns i korthet fyra typer av live roulette, n\u00e4mligen \u201dvanlig\u201d live roulette, fransk roulette, automatisk roulette (spelas utan dealer) samt Immersive Roulette. Sistn\u00e4mnda \u00e4r ett spel som bara finns p\u00e5 Microgaming-casinon. <\/p>\n<p>N\u00e4r du sedan \u00e4r inloggad vid ett bord placerar du dina insatser p\u00e5 ett virtuellt spelbord som visas ovanp\u00e5 den str\u00f6mmande videobilden. Skulle kulan hamna p\u00e5 r\u00e4tt nummer inkasserar du vinsterna automatiskt. Knepigare \u00e4n s\u00e5 \u00e4r det inte att spela roulette p\u00e5 livecasino.<\/p>\n","protected":false},"excerpt":{"rendered":"<p>Roulette \u00e4r helt klart nummer ett bland de bordsspel som finns tillg\u00e4ngliga i live casino-versioner. Det \u00e4r ganska naturligt eftersom roulette faktiskt \u00e4r det mest popul\u00e4ra bordsspelet alla kategorier. Varje leverant\u00f6r av livecasino-spel har minst en variant av roulette i sitt utbud och alla n\u00e4tcasinon som erbjuder livecasino ser till att roulette finns med i &hellip; <\/p>\n<p class=\"link-more\"><a href=\"https:\/\/livecasino.net\/sv\/roulette\/\" class=\"more-link\">Forts\u00e4tt l\u00e4sa<span class=\"screen-reader-text\"> \u201dLive Roulette p\u00e5 Casino\u201d<\/span><\/a><\/p>\n","protected":false},"author":2,"featured_media":0,"parent":0,"menu_order":0,"comment_status":"closed","ping_status":"closed","template":"","meta":{"footnotes":""},"class_list":["post-20","page","type-page","status-publish","hentry"],"yoast_head":"<!-- This site is optimized with the Yoast SEO plugin v27.4 - https:\/\/yoast.com\/product\/yoast-seo-wordpress\/ -->\n<title>Live Roulette p\u00e5 Casino - Livecasino<\/title>\n<meta name=\"description\" content=\"Roulette \u00e4r det klassiska spelet p\u00e5 livecasino. Spela roulette direkt med n\u00e4tets b\u00e4sta ins\u00e4ttningsbonusar p\u00e5 livecasino.\" \/>\n<meta name=\"robots\" content=\"index, follow, max-snippet:-1, max-image-preview:large, max-video-preview:-1\" \/>\n<link rel=\"canonical\" href=\"https:\/\/livecasino.net\/sv\/roulette\/\" \/>\n<meta property=\"og:locale\" content=\"sv_SE\" \/>\n<meta property=\"og:type\" content=\"article\" \/>\n<meta property=\"og:title\" content=\"Live Roulette p\u00e5 Casino - Livecasino\" \/>\n<meta property=\"og:description\" content=\"Roulette \u00e4r det klassiska spelet p\u00e5 livecasino. Spela roulette direkt med n\u00e4tets b\u00e4sta ins\u00e4ttningsbonusar p\u00e5 livecasino.\" \/>\n<meta property=\"og:url\" content=\"https:\/\/livecasino.net\/sv\/roulette\/\" \/>\n<meta property=\"og:site_name\" content=\"Livecasino\" \/>\n<meta property=\"article:modified_time\" content=\"2018-06-13T16:43:16+00:00\" \/>\n<meta name=\"twitter:card\" content=\"summary_large_image\" \/>\n<meta name=\"twitter:label1\" content=\"Ber\u00e4knad l\u00e4stid\" \/>\n\t<meta name=\"twitter:data1\" content=\"2 minuter\" \/>\n<script type=\"application\/ld+json\" class=\"yoast-schema-graph\">{\"@context\":\"https:\\\/\\\/schema.org\",\"@graph\":[{\"@type\":\"WebPage\",\"@id\":\"https:\\\/\\\/livecasino.net\\\/sv\\\/roulette\\\/\",\"url\":\"https:\\\/\\\/livecasino.net\\\/sv\\\/roulette\\\/\",\"name\":\"Live Roulette p\u00e5 Casino - Livecasino\",\"isPartOf\":{\"@id\":\"https:\\\/\\\/livecasino.net\\\/#website\"},\"datePublished\":\"2016-09-02T12:06:59+00:00\",\"dateModified\":\"2018-06-13T16:43:16+00:00\",\"description\":\"Roulette \u00e4r det klassiska spelet p\u00e5 livecasino. Spela roulette direkt med n\u00e4tets b\u00e4sta ins\u00e4ttningsbonusar p\u00e5 livecasino.\",\"breadcrumb\":{\"@id\":\"https:\\\/\\\/livecasino.net\\\/sv\\\/roulette\\\/#breadcrumb\"},\"inLanguage\":\"sv-SE\",\"potentialAction\":[{\"@type\":\"ReadAction\",\"target\":[\"https:\\\/\\\/livecasino.net\\\/sv\\\/roulette\\\/\"]}]},{\"@type\":\"BreadcrumbList\",\"@id\":\"https:\\\/\\\/livecasino.net\\\/sv\\\/roulette\\\/#breadcrumb\",\"itemListElement\":[{\"@type\":\"ListItem\",\"position\":1,\"name\":\"Start\",\"item\":\"https:\\\/\\\/livecasino.net\\\/sv\\\/\"},{\"@type\":\"ListItem\",\"position\":2,\"name\":\"Live Roulette p\u00e5 Casino\"}]},{\"@type\":\"WebSite\",\"@id\":\"https:\\\/\\\/livecasino.net\\\/#website\",\"url\":\"https:\\\/\\\/livecasino.net\\\/\",\"name\":\"Livecasino\",\"description\":\"En till WordPress-webbplats\",\"potentialAction\":[{\"@type\":\"SearchAction\",\"target\":{\"@type\":\"EntryPoint\",\"urlTemplate\":\"https:\\\/\\\/livecasino.net\\\/?s={search_term_string}\"},\"query-input\":{\"@type\":\"PropertyValueSpecification\",\"valueRequired\":true,\"valueName\":\"search_term_string\"}}],\"inLanguage\":\"sv-SE\"}]}<\/script>\n<!-- \/ Yoast SEO plugin. -->","yoast_head_json":{"title":"Live Roulette p\u00e5 Casino - Livecasino","description":"Roulette \u00e4r det klassiska spelet p\u00e5 livecasino. Spela roulette direkt med n\u00e4tets b\u00e4sta ins\u00e4ttningsbonusar p\u00e5 livecasino.","robots":{"index":"index","follow":"follow","max-snippet":"max-snippet:-1","max-image-preview":"max-image-preview:large","max-video-preview":"max-video-preview:-1"},"canonical":"https:\/\/livecasino.net\/sv\/roulette\/","og_locale":"sv_SE","og_type":"article","og_title":"Live Roulette p\u00e5 Casino - Livecasino","og_description":"Roulette \u00e4r det klassiska spelet p\u00e5 livecasino. Spela roulette direkt med n\u00e4tets b\u00e4sta ins\u00e4ttningsbonusar p\u00e5 livecasino.","og_url":"https:\/\/livecasino.net\/sv\/roulette\/","og_site_name":"Livecasino","article_modified_time":"2018-06-13T16:43:16+00:00","twitter_card":"summary_large_image","twitter_misc":{"Ber\u00e4knad l\u00e4stid":"2 minuter"},"schema":{"@context":"https:\/\/schema.org","@graph":[{"@type":"WebPage","@id":"https:\/\/livecasino.net\/sv\/roulette\/","url":"https:\/\/livecasino.net\/sv\/roulette\/","name":"Live Roulette p\u00e5 Casino - Livecasino","isPartOf":{"@id":"https:\/\/livecasino.net\/#website"},"datePublished":"2016-09-02T12:06:59+00:00","dateModified":"2018-06-13T16:43:16+00:00","description":"Roulette \u00e4r det klassiska spelet p\u00e5 livecasino. Spela roulette direkt med n\u00e4tets b\u00e4sta ins\u00e4ttningsbonusar p\u00e5 livecasino.","breadcrumb":{"@id":"https:\/\/livecasino.net\/sv\/roulette\/#breadcrumb"},"inLanguage":"sv-SE","potentialAction":[{"@type":"ReadAction","target":["https:\/\/livecasino.net\/sv\/roulette\/"]}]},{"@type":"BreadcrumbList","@id":"https:\/\/livecasino.net\/sv\/roulette\/#breadcrumb","itemListElement":[{"@type":"ListItem","position":1,"name":"Start","item":"https:\/\/livecasino.net\/sv\/"},{"@type":"ListItem","position":2,"name":"Live Roulette p\u00e5 Casino"}]},{"@type":"WebSite","@id":"https:\/\/livecasino.net\/#website","url":"https:\/\/livecasino.net\/","name":"Livecasino","description":"En till WordPress-webbplats","potentialAction":[{"@type":"SearchAction","target":{"@type":"EntryPoint","urlTemplate":"https:\/\/livecasino.net\/?s={search_term_string}"},"query-input":{"@type":"PropertyValueSpecification","valueRequired":true,"valueName":"search_term_string"}}],"inLanguage":"sv-SE"}]}},"_links":{"self":[{"href":"https:\/\/livecasino.net\/sv\/wp-json\/wp\/v2\/pages\/20","targetHints":{"allow":["GET"]}}],"collection":[{"href":"https:\/\/livecasino.net\/sv\/wp-json\/wp\/v2\/pages"}],"about":[{"href":"https:\/\/livecasino.net\/sv\/wp-json\/wp\/v2\/types\/page"}],"author":[{"embeddable":true,"href":"https:\/\/livecasino.net\/sv\/wp-json\/wp\/v2\/users\/2"}],"replies":[{"embeddable":true,"href":"https:\/\/livecasino.net\/sv\/wp-json\/wp\/v2\/comments?post=20"}],"version-history":[{"count":2,"href":"https:\/\/livecasino.net\/sv\/wp-json\/wp\/v2\/pages\/20\/revisions"}],"predecessor-version":[{"id":136,"href":"https:\/\/livecasino.net\/sv\/wp-json\/wp\/v2\/pages\/20\/revisions\/136"}],"wp:attachment":[{"href":"https:\/\/livecasino.net\/sv\/wp-json\/wp\/v2\/media?parent=20"}],"curies":[{"name":"wp","href":"https:\/\/api.w.org\/{rel}","templated":true}]}}