{"id":18,"date":"2016-09-02T14:06:14","date_gmt":"2016-09-02T12:06:14","guid":{"rendered":"http:\/\/www.livecasino.net\/?page_id=18"},"modified":"2018-06-13T18:43:32","modified_gmt":"2018-06-13T16:43:32","slug":"netent","status":"publish","type":"page","link":"https:\/\/livecasino.net\/sv\/netent\/","title":{"rendered":"NetEnt Live Casino Spel"},"content":{"rendered":"<p><strong>NetEnt<\/strong> \u00e4r en av de st\u00f6rsta speltillverkarna och plattforms\u00e4garna f\u00f6r casino online. I utbudet av casinospel p\u00e5 datorcasino finns en bra bit \u00f6ver 200 titlar och i mobilcasinot finns ett 50-tal. I till\u00e4gg har Net Entertainment en live casino-produkt med ett antal titlar inom <a href=\"\/roulette\/\">roulette<\/a> och <a href=\"\/blackjack\/\">blackjack<\/a>.<\/p>\n<h3>Fantastisk HD-grafik<\/h3>\n<p>NetEnt (som tidigare gick under namnet <em>Net Entertainment<\/em>) \u00e4r inte den enda speltillverkaren som kan erbjuda live casino-spel. NetEnt \u00e4r emellertid helt klart den som levererar den h\u00f6gsta kvaliteten. Ingen annan speltillverkare kommer egentligen ens n\u00e4ra NetEnt n\u00e4r det g\u00e4ller att leverera casinospel i liveformat med grafik i HD, ett exemplariskt ljud samt med kunniga och vackra dealers\/croupierer. NetEnt r\u00e4knas ofta som en av de speltillverkare som tar fram flest s\u00e5 kallade premium slots och man har precis samma id\u00e9 n\u00e4r det g\u00e4ller <a href=\"\/\">live casino<\/a>.<\/p>\n<h3>NetEnt live roulette<\/h3>\n<p>Live roulette var den f\u00f6rsta livecasino-produkten NetEnt tog fram och idag erbjuder NetEnt tre stycken varianter av spelet, n\u00e4mligen Automatic Roulette, Live Roulette och VIP Live Roulette. Gemensamt f\u00f6r alla dessa varianter \u00e4r att minsta m\u00f6jliga insats \u00e4r l\u00e5ga 10 kr\/\u20ac1 medan h\u00f6gsta insats \u00e4r mycket rej\u00e4lt tilltagen (upp till 750 000 kr per spelomg\u00e5ng). De tv\u00e5 varianterna som spelas med med dealers (Automatic Roulette spelas inte med dealers) kan b\u00e5da spelas med specialregeln La Partage.<\/p>\n<h3>NetEnt live blackjack<\/h3>\n<p>NetEnts utbud av live blackjack omfattar tv\u00e5 varianter, n\u00e4mligen Live Blackjack och Live Common Draw Blackjack. Spelen finns p\u00e5 flera olika insatsniv\u00e5er och l\u00e4gsta respektive h\u00f6gsta insats \u00e4r 10 kr\/\u20ac1 respektive 50 000 kr\/\u20ac5000.<\/p>\n<p>Common Draw Blackjack \u00e4r en specialitet f\u00f6r NetEnt. Denna variant medger att hur m\u00e5nga spelare som helst kan delta i spelet vid ett och samma bord. Hur fungerar d\u00e5 detta? Jo, dealern spelar helt enkelt ut endast tv\u00e5 h\u00e4nder, en som \u00e4r dealerns egen och en som \u00e4r gemensam f\u00f6r alla spelare runt bordet.<\/p>\n","protected":false},"excerpt":{"rendered":"<p>NetEnt \u00e4r en av de st\u00f6rsta speltillverkarna och plattforms\u00e4garna f\u00f6r casino online. I utbudet av casinospel p\u00e5 datorcasino finns en bra bit \u00f6ver 200 titlar och i mobilcasinot finns ett 50-tal. I till\u00e4gg har Net Entertainment en live casino-produkt med ett antal titlar inom roulette och blackjack. Fantastisk HD-grafik NetEnt (som tidigare gick under namnet &hellip; <\/p>\n<p class=\"link-more\"><a href=\"https:\/\/livecasino.net\/sv\/netent\/\" class=\"more-link\">Forts\u00e4tt l\u00e4sa<span class=\"screen-reader-text\"> \u201dNetEnt Live Casino Spel\u201d<\/span><\/a><\/p>\n","protected":false},"author":2,"featured_media":0,"parent":0,"menu_order":0,"comment_status":"closed","ping_status":"closed","template":"","meta":{"footnotes":""},"class_list":["post-18","page","type-page","status-publish","hentry"],"yoast_head":"<!-- This site is optimized with the Yoast SEO plugin v27.4 - https:\/\/yoast.com\/product\/yoast-seo-wordpress\/ -->\n<title>NetEnt Live Casino Spel - Livecasino<\/title>\n<meta name=\"description\" content=\"NetEnt \u00e4r en stor leverant\u00f6r av \u00e4kta livecasino spel till n\u00e4tcasinon. L\u00e4r dig mer om NetEnt och testa deras utbud av spel inom livecasino.\" \/>\n<meta name=\"robots\" content=\"index, follow, max-snippet:-1, max-image-preview:large, max-video-preview:-1\" \/>\n<link rel=\"canonical\" href=\"https:\/\/livecasino.net\/sv\/netent\/\" \/>\n<meta property=\"og:locale\" content=\"sv_SE\" \/>\n<meta property=\"og:type\" content=\"article\" \/>\n<meta property=\"og:title\" content=\"NetEnt Live Casino Spel - Livecasino\" \/>\n<meta property=\"og:description\" content=\"NetEnt \u00e4r en stor leverant\u00f6r av \u00e4kta livecasino spel till n\u00e4tcasinon. L\u00e4r dig mer om NetEnt och testa deras utbud av spel inom livecasino.\" \/>\n<meta property=\"og:url\" content=\"https:\/\/livecasino.net\/sv\/netent\/\" \/>\n<meta property=\"og:site_name\" content=\"Livecasino\" \/>\n<meta property=\"article:modified_time\" content=\"2018-06-13T16:43:32+00:00\" \/>\n<meta name=\"twitter:card\" content=\"summary_large_image\" \/>\n<meta name=\"twitter:label1\" content=\"Ber\u00e4knad l\u00e4stid\" \/>\n\t<meta name=\"twitter:data1\" content=\"2 minuter\" \/>\n<script type=\"application\/ld+json\" class=\"yoast-schema-graph\">{\"@context\":\"https:\\\/\\\/schema.org\",\"@graph\":[{\"@type\":\"WebPage\",\"@id\":\"https:\\\/\\\/livecasino.net\\\/sv\\\/netent\\\/\",\"url\":\"https:\\\/\\\/livecasino.net\\\/sv\\\/netent\\\/\",\"name\":\"NetEnt Live Casino Spel - Livecasino\",\"isPartOf\":{\"@id\":\"https:\\\/\\\/livecasino.net\\\/#website\"},\"datePublished\":\"2016-09-02T12:06:14+00:00\",\"dateModified\":\"2018-06-13T16:43:32+00:00\",\"description\":\"NetEnt \u00e4r en stor leverant\u00f6r av \u00e4kta livecasino spel till n\u00e4tcasinon. L\u00e4r dig mer om NetEnt och testa deras utbud av spel inom livecasino.\",\"breadcrumb\":{\"@id\":\"https:\\\/\\\/livecasino.net\\\/sv\\\/netent\\\/#breadcrumb\"},\"inLanguage\":\"sv-SE\",\"potentialAction\":[{\"@type\":\"ReadAction\",\"target\":[\"https:\\\/\\\/livecasino.net\\\/sv\\\/netent\\\/\"]}]},{\"@type\":\"BreadcrumbList\",\"@id\":\"https:\\\/\\\/livecasino.net\\\/sv\\\/netent\\\/#breadcrumb\",\"itemListElement\":[{\"@type\":\"ListItem\",\"position\":1,\"name\":\"Start\",\"item\":\"https:\\\/\\\/livecasino.net\\\/sv\\\/\"},{\"@type\":\"ListItem\",\"position\":2,\"name\":\"NetEnt Live Casino Spel\"}]},{\"@type\":\"WebSite\",\"@id\":\"https:\\\/\\\/livecasino.net\\\/#website\",\"url\":\"https:\\\/\\\/livecasino.net\\\/\",\"name\":\"Livecasino\",\"description\":\"En till WordPress-webbplats\",\"potentialAction\":[{\"@type\":\"SearchAction\",\"target\":{\"@type\":\"EntryPoint\",\"urlTemplate\":\"https:\\\/\\\/livecasino.net\\\/?s={search_term_string}\"},\"query-input\":{\"@type\":\"PropertyValueSpecification\",\"valueRequired\":true,\"valueName\":\"search_term_string\"}}],\"inLanguage\":\"sv-SE\"}]}<\/script>\n<!-- \/ Yoast SEO plugin. -->","yoast_head_json":{"title":"NetEnt Live Casino Spel - Livecasino","description":"NetEnt \u00e4r en stor leverant\u00f6r av \u00e4kta livecasino spel till n\u00e4tcasinon. L\u00e4r dig mer om NetEnt och testa deras utbud av spel inom livecasino.","robots":{"index":"index","follow":"follow","max-snippet":"max-snippet:-1","max-image-preview":"max-image-preview:large","max-video-preview":"max-video-preview:-1"},"canonical":"https:\/\/livecasino.net\/sv\/netent\/","og_locale":"sv_SE","og_type":"article","og_title":"NetEnt Live Casino Spel - Livecasino","og_description":"NetEnt \u00e4r en stor leverant\u00f6r av \u00e4kta livecasino spel till n\u00e4tcasinon. L\u00e4r dig mer om NetEnt och testa deras utbud av spel inom livecasino.","og_url":"https:\/\/livecasino.net\/sv\/netent\/","og_site_name":"Livecasino","article_modified_time":"2018-06-13T16:43:32+00:00","twitter_card":"summary_large_image","twitter_misc":{"Ber\u00e4knad l\u00e4stid":"2 minuter"},"schema":{"@context":"https:\/\/schema.org","@graph":[{"@type":"WebPage","@id":"https:\/\/livecasino.net\/sv\/netent\/","url":"https:\/\/livecasino.net\/sv\/netent\/","name":"NetEnt Live Casino Spel - Livecasino","isPartOf":{"@id":"https:\/\/livecasino.net\/#website"},"datePublished":"2016-09-02T12:06:14+00:00","dateModified":"2018-06-13T16:43:32+00:00","description":"NetEnt \u00e4r en stor leverant\u00f6r av \u00e4kta livecasino spel till n\u00e4tcasinon. L\u00e4r dig mer om NetEnt och testa deras utbud av spel inom livecasino.","breadcrumb":{"@id":"https:\/\/livecasino.net\/sv\/netent\/#breadcrumb"},"inLanguage":"sv-SE","potentialAction":[{"@type":"ReadAction","target":["https:\/\/livecasino.net\/sv\/netent\/"]}]},{"@type":"BreadcrumbList","@id":"https:\/\/livecasino.net\/sv\/netent\/#breadcrumb","itemListElement":[{"@type":"ListItem","position":1,"name":"Start","item":"https:\/\/livecasino.net\/sv\/"},{"@type":"ListItem","position":2,"name":"NetEnt Live Casino Spel"}]},{"@type":"WebSite","@id":"https:\/\/livecasino.net\/#website","url":"https:\/\/livecasino.net\/","name":"Livecasino","description":"En till WordPress-webbplats","potentialAction":[{"@type":"SearchAction","target":{"@type":"EntryPoint","urlTemplate":"https:\/\/livecasino.net\/?s={search_term_string}"},"query-input":{"@type":"PropertyValueSpecification","valueRequired":true,"valueName":"search_term_string"}}],"inLanguage":"sv-SE"}]}},"_links":{"self":[{"href":"https:\/\/livecasino.net\/sv\/wp-json\/wp\/v2\/pages\/18","targetHints":{"allow":["GET"]}}],"collection":[{"href":"https:\/\/livecasino.net\/sv\/wp-json\/wp\/v2\/pages"}],"about":[{"href":"https:\/\/livecasino.net\/sv\/wp-json\/wp\/v2\/types\/page"}],"author":[{"embeddable":true,"href":"https:\/\/livecasino.net\/sv\/wp-json\/wp\/v2\/users\/2"}],"replies":[{"embeddable":true,"href":"https:\/\/livecasino.net\/sv\/wp-json\/wp\/v2\/comments?post=18"}],"version-history":[{"count":2,"href":"https:\/\/livecasino.net\/sv\/wp-json\/wp\/v2\/pages\/18\/revisions"}],"predecessor-version":[{"id":137,"href":"https:\/\/livecasino.net\/sv\/wp-json\/wp\/v2\/pages\/18\/revisions\/137"}],"wp:attachment":[{"href":"https:\/\/livecasino.net\/sv\/wp-json\/wp\/v2\/media?parent=18"}],"curies":[{"name":"wp","href":"https:\/\/api.w.org\/{rel}","templated":true}]}}