{"id":16,"date":"2016-09-02T14:05:16","date_gmt":"2016-09-02T12:05:16","guid":{"rendered":"http:\/\/www.livecasino.net\/?page_id=16"},"modified":"2018-06-13T18:43:49","modified_gmt":"2018-06-13T16:43:49","slug":"evolution-gaming","status":"publish","type":"page","link":"https:\/\/livecasino.net\/sv\/evolution-gaming\/","title":{"rendered":"Evolution Gaming Live Casino Spel"},"content":{"rendered":"<p>Evolution Gaming var den spelutvecklare som startade hela id\u00e9n med casino i live-format p\u00e5 datorcasino. \u00c5ret f\u00f6r starten av verksamheten var faktiskt 2006. Det \u00e5ret var casino p\u00e5 n\u00e4tet \u00f6verlag fortfarande en relativ nyhet, men redan d\u00e5 fanns allts\u00e5 m\u00f6jligheten att spela mot riktiga dealers. Idag har Evolution Gaming en s\u00e4rst\u00e4llning bland de akt\u00f6rer som levererar livecasino med fler spel och en st\u00f6rre r\u00e4ckvidd \u00e4n alla konkurrenter.<\/p>\n<h3>Komplett utbud av casinospel<\/h3>\n<p><strong>Evolution Gaming<\/strong> har ett helt komplett utbud av casinospel om vi ser till de bordsspel som \u00e4r de vanligaste och mest popul\u00e4ra i Europa. Det \u00e4r egentligen bara ett par av de spel som \u00e4r om\u00e5ttligt popul\u00e4ra i Asien (Sic Bo och Pai Gow) som saknas, men dessa spel bringar ingen st\u00f6rre publik p\u00e5 v\u00e5ra breddgrader. <\/p>\n<p>I Evolution Gamings utbud finner du <a href=\"\/roulette\/\">live roulette<\/a>, <a href=\"\/blackjack\/\">live blackjack<\/a>, <a href=\"\/baccarat\/\">live baccarat<\/a>, live casino hold&#8217;em och live three card poker. F\u00f6r de tv\u00e5 sistn\u00e4mnda finns i praktiken enbart ett f\u00e5tal livebord och n\u00e5gra st\u00f6rre m\u00f6jligheter att sondera bland olika insatsniv\u00e5er finns inte. Raka motsatsen g\u00e4ller f\u00f6r roulette, blackjack och baccarat.<\/p>\n<h3>Live roulette \u2013 Evolutions flaggskepp<\/h3>\n<p>Live roulette \u00e4r den spelform Evolution satsar mest p\u00e5 och man har en hel rad olika varianter av spelet att bjuda p\u00e5, d\u00e4ribland roulette p\u00e5 ett antal olika spr\u00e5k s\u00e5som bland annat svenska. Den kanske mest imponerande varianten av live roulette i Evolution Gamings regi \u00e4r Immersive Roulette, som \u00e4r ett spel som s\u00e4nds i HD med ett antal olika kameror ig\u00e5ng samtidigt.  <\/p>\n<h3>Live blackjack med Evolution Gaming<\/h3>\n<p>Blackjack ligger strax bakom roulette prioritetsm\u00e4ssigt f\u00f6r Evolution, men det betyder inte att man inte satsar rej\u00e4lt p\u00e5 den h\u00e4r spelformen. Evolution \u00e4r till exempel ensamt om att kunna erbjuda en bet behind-funktion, vilken inneb\u00e4r att det aldrig kan bli fullt vid ett blackjack-bord, samt olika sidospel.<\/p>\n","protected":false},"excerpt":{"rendered":"<p>Evolution Gaming var den spelutvecklare som startade hela id\u00e9n med casino i live-format p\u00e5 datorcasino. \u00c5ret f\u00f6r starten av verksamheten var faktiskt 2006. Det \u00e5ret var casino p\u00e5 n\u00e4tet \u00f6verlag fortfarande en relativ nyhet, men redan d\u00e5 fanns allts\u00e5 m\u00f6jligheten att spela mot riktiga dealers. Idag har Evolution Gaming en s\u00e4rst\u00e4llning bland de akt\u00f6rer som &hellip; <\/p>\n<p class=\"link-more\"><a href=\"https:\/\/livecasino.net\/sv\/evolution-gaming\/\" class=\"more-link\">Forts\u00e4tt l\u00e4sa<span class=\"screen-reader-text\"> \u201dEvolution Gaming Live Casino Spel\u201d<\/span><\/a><\/p>\n","protected":false},"author":2,"featured_media":0,"parent":0,"menu_order":0,"comment_status":"closed","ping_status":"closed","template":"","meta":{"footnotes":""},"class_list":["post-16","page","type-page","status-publish","hentry"],"yoast_head":"<!-- This site is optimized with the Yoast SEO plugin v27.4 - https:\/\/yoast.com\/product\/yoast-seo-wordpress\/ -->\n<title>Evolution Gaming Live Casino Spel - Livecasino<\/title>\n<meta name=\"description\" content=\"Evolution Gaming \u00e4r en stor leverant\u00f6r av \u00e4kta livecasino spel till n\u00e4tcasinon. L\u00e4r dig mer om Evolution Gaming och testa deras utbud!\" \/>\n<meta name=\"robots\" content=\"index, follow, max-snippet:-1, max-image-preview:large, max-video-preview:-1\" \/>\n<link rel=\"canonical\" href=\"https:\/\/livecasino.net\/sv\/evolution-gaming\/\" \/>\n<meta property=\"og:locale\" content=\"sv_SE\" \/>\n<meta property=\"og:type\" content=\"article\" \/>\n<meta property=\"og:title\" content=\"Evolution Gaming Live Casino Spel - Livecasino\" \/>\n<meta property=\"og:description\" content=\"Evolution Gaming \u00e4r en stor leverant\u00f6r av \u00e4kta livecasino spel till n\u00e4tcasinon. L\u00e4r dig mer om Evolution Gaming och testa deras utbud!\" \/>\n<meta property=\"og:url\" content=\"https:\/\/livecasino.net\/sv\/evolution-gaming\/\" \/>\n<meta property=\"og:site_name\" content=\"Livecasino\" \/>\n<meta property=\"article:modified_time\" content=\"2018-06-13T16:43:49+00:00\" \/>\n<meta name=\"twitter:card\" content=\"summary_large_image\" \/>\n<meta name=\"twitter:label1\" content=\"Ber\u00e4knad l\u00e4stid\" \/>\n\t<meta name=\"twitter:data1\" content=\"2 minuter\" \/>\n<script type=\"application\/ld+json\" class=\"yoast-schema-graph\">{\"@context\":\"https:\\\/\\\/schema.org\",\"@graph\":[{\"@type\":\"WebPage\",\"@id\":\"https:\\\/\\\/livecasino.net\\\/sv\\\/evolution-gaming\\\/\",\"url\":\"https:\\\/\\\/livecasino.net\\\/sv\\\/evolution-gaming\\\/\",\"name\":\"Evolution Gaming Live Casino Spel - Livecasino\",\"isPartOf\":{\"@id\":\"https:\\\/\\\/livecasino.net\\\/#website\"},\"datePublished\":\"2016-09-02T12:05:16+00:00\",\"dateModified\":\"2018-06-13T16:43:49+00:00\",\"description\":\"Evolution Gaming \u00e4r en stor leverant\u00f6r av \u00e4kta livecasino spel till n\u00e4tcasinon. L\u00e4r dig mer om Evolution Gaming och testa deras utbud!\",\"breadcrumb\":{\"@id\":\"https:\\\/\\\/livecasino.net\\\/sv\\\/evolution-gaming\\\/#breadcrumb\"},\"inLanguage\":\"sv-SE\",\"potentialAction\":[{\"@type\":\"ReadAction\",\"target\":[\"https:\\\/\\\/livecasino.net\\\/sv\\\/evolution-gaming\\\/\"]}]},{\"@type\":\"BreadcrumbList\",\"@id\":\"https:\\\/\\\/livecasino.net\\\/sv\\\/evolution-gaming\\\/#breadcrumb\",\"itemListElement\":[{\"@type\":\"ListItem\",\"position\":1,\"name\":\"Start\",\"item\":\"https:\\\/\\\/livecasino.net\\\/sv\\\/\"},{\"@type\":\"ListItem\",\"position\":2,\"name\":\"Evolution Gaming Live Casino Spel\"}]},{\"@type\":\"WebSite\",\"@id\":\"https:\\\/\\\/livecasino.net\\\/#website\",\"url\":\"https:\\\/\\\/livecasino.net\\\/\",\"name\":\"Livecasino\",\"description\":\"En till WordPress-webbplats\",\"potentialAction\":[{\"@type\":\"SearchAction\",\"target\":{\"@type\":\"EntryPoint\",\"urlTemplate\":\"https:\\\/\\\/livecasino.net\\\/?s={search_term_string}\"},\"query-input\":{\"@type\":\"PropertyValueSpecification\",\"valueRequired\":true,\"valueName\":\"search_term_string\"}}],\"inLanguage\":\"sv-SE\"}]}<\/script>\n<!-- \/ Yoast SEO plugin. -->","yoast_head_json":{"title":"Evolution Gaming Live Casino Spel - Livecasino","description":"Evolution Gaming \u00e4r en stor leverant\u00f6r av \u00e4kta livecasino spel till n\u00e4tcasinon. L\u00e4r dig mer om Evolution Gaming och testa deras utbud!","robots":{"index":"index","follow":"follow","max-snippet":"max-snippet:-1","max-image-preview":"max-image-preview:large","max-video-preview":"max-video-preview:-1"},"canonical":"https:\/\/livecasino.net\/sv\/evolution-gaming\/","og_locale":"sv_SE","og_type":"article","og_title":"Evolution Gaming Live Casino Spel - Livecasino","og_description":"Evolution Gaming \u00e4r en stor leverant\u00f6r av \u00e4kta livecasino spel till n\u00e4tcasinon. L\u00e4r dig mer om Evolution Gaming och testa deras utbud!","og_url":"https:\/\/livecasino.net\/sv\/evolution-gaming\/","og_site_name":"Livecasino","article_modified_time":"2018-06-13T16:43:49+00:00","twitter_card":"summary_large_image","twitter_misc":{"Ber\u00e4knad l\u00e4stid":"2 minuter"},"schema":{"@context":"https:\/\/schema.org","@graph":[{"@type":"WebPage","@id":"https:\/\/livecasino.net\/sv\/evolution-gaming\/","url":"https:\/\/livecasino.net\/sv\/evolution-gaming\/","name":"Evolution Gaming Live Casino Spel - Livecasino","isPartOf":{"@id":"https:\/\/livecasino.net\/#website"},"datePublished":"2016-09-02T12:05:16+00:00","dateModified":"2018-06-13T16:43:49+00:00","description":"Evolution Gaming \u00e4r en stor leverant\u00f6r av \u00e4kta livecasino spel till n\u00e4tcasinon. L\u00e4r dig mer om Evolution Gaming och testa deras utbud!","breadcrumb":{"@id":"https:\/\/livecasino.net\/sv\/evolution-gaming\/#breadcrumb"},"inLanguage":"sv-SE","potentialAction":[{"@type":"ReadAction","target":["https:\/\/livecasino.net\/sv\/evolution-gaming\/"]}]},{"@type":"BreadcrumbList","@id":"https:\/\/livecasino.net\/sv\/evolution-gaming\/#breadcrumb","itemListElement":[{"@type":"ListItem","position":1,"name":"Start","item":"https:\/\/livecasino.net\/sv\/"},{"@type":"ListItem","position":2,"name":"Evolution Gaming Live Casino Spel"}]},{"@type":"WebSite","@id":"https:\/\/livecasino.net\/#website","url":"https:\/\/livecasino.net\/","name":"Livecasino","description":"En till WordPress-webbplats","potentialAction":[{"@type":"SearchAction","target":{"@type":"EntryPoint","urlTemplate":"https:\/\/livecasino.net\/?s={search_term_string}"},"query-input":{"@type":"PropertyValueSpecification","valueRequired":true,"valueName":"search_term_string"}}],"inLanguage":"sv-SE"}]}},"_links":{"self":[{"href":"https:\/\/livecasino.net\/sv\/wp-json\/wp\/v2\/pages\/16","targetHints":{"allow":["GET"]}}],"collection":[{"href":"https:\/\/livecasino.net\/sv\/wp-json\/wp\/v2\/pages"}],"about":[{"href":"https:\/\/livecasino.net\/sv\/wp-json\/wp\/v2\/types\/page"}],"author":[{"embeddable":true,"href":"https:\/\/livecasino.net\/sv\/wp-json\/wp\/v2\/users\/2"}],"replies":[{"embeddable":true,"href":"https:\/\/livecasino.net\/sv\/wp-json\/wp\/v2\/comments?post=16"}],"version-history":[{"count":2,"href":"https:\/\/livecasino.net\/sv\/wp-json\/wp\/v2\/pages\/16\/revisions"}],"predecessor-version":[{"id":138,"href":"https:\/\/livecasino.net\/sv\/wp-json\/wp\/v2\/pages\/16\/revisions\/138"}],"wp:attachment":[{"href":"https:\/\/livecasino.net\/sv\/wp-json\/wp\/v2\/media?parent=16"}],"curies":[{"name":"wp","href":"https:\/\/api.w.org\/{rel}","templated":true}]}}