{"id":14,"date":"2016-09-02T14:04:20","date_gmt":"2016-09-02T12:04:20","guid":{"rendered":"http:\/\/www.livecasino.net\/?page_id=14"},"modified":"2016-09-07T13:04:21","modified_gmt":"2016-09-07T11:04:21","slug":"cookies","status":"publish","type":"page","link":"https:\/\/livecasino.net\/sv\/cookies\/","title":{"rendered":"Cookies &#8211; Livecasino.net"},"content":{"rendered":"<p>Enligt svensk lag m\u00e5ste vi informera dig som bes\u00f6kare om cookies och hur vi anv\u00e4nder oss av cookies. En cookie \u00e4r en textfil som sparas lokalt p\u00e5 bes\u00f6karens datorenhet. Cookies skickas tillbaka till serven med varje f\u00f6rfr\u00e5gan till webbplatsen som bes\u00f6karen g\u00f6r s\u00e5 att webbserven h\u00e5ller koll p\u00e5 bes\u00f6karens preferenser eller identitet.<\/p>\n<h3>Cookies fr\u00e5n Livecasino.net<\/h3>\n<p>Sajten Livecasino.net anv\u00e4nder cookies f\u00f6r att samla in statistik fr\u00e5n bes\u00f6karen och lagrar information som:<\/p>\n<ul>\n<li>Bes\u00f6karens ursprungssida, tex Google, Bing, Facebook, andra webbsidor osv.<\/li>\n<li>Vad bes\u00f6kare g\u00f6r p\u00e5 Livecasino.net, tex vilka sidor bes\u00f6karen tittar p\u00e5 och hur l\u00e5ng tid som spenderas.<\/li>\n<li>Bes\u00f6karens datorenhet och operativsystem som tex dator, surfplatta eller mobil och windows, Linux, Android, iOS, osv.<\/li>\n<\/ul>\n<p>Observera att det \u00e4r anonym information i cookies som enbart anv\u00e4nds f\u00f6r att kunna f\u00f6rb\u00e4ttra bes\u00f6karens upplevelse.<\/p>\n","protected":false},"excerpt":{"rendered":"<p>Enligt svensk lag m\u00e5ste vi informera dig som bes\u00f6kare om cookies och hur vi anv\u00e4nder oss av cookies. En cookie \u00e4r en textfil som sparas lokalt p\u00e5 bes\u00f6karens datorenhet. Cookies skickas tillbaka till serven med varje f\u00f6rfr\u00e5gan till webbplatsen som bes\u00f6karen g\u00f6r s\u00e5 att webbserven h\u00e5ller koll p\u00e5 bes\u00f6karens preferenser eller identitet. Cookies fr\u00e5n Livecasino.net &hellip; <\/p>\n<p class=\"link-more\"><a href=\"https:\/\/livecasino.net\/sv\/cookies\/\" class=\"more-link\">Forts\u00e4tt l\u00e4sa<span class=\"screen-reader-text\"> \u201dCookies &#8211; Livecasino.net\u201d<\/span><\/a><\/p>\n","protected":false},"author":2,"featured_media":0,"parent":0,"menu_order":0,"comment_status":"closed","ping_status":"closed","template":"","meta":{"footnotes":""},"class_list":["post-14","page","type-page","status-publish","hentry"],"yoast_head":"<!-- This site is optimized with the Yoast SEO plugin v27.4 - https:\/\/yoast.com\/product\/yoast-seo-wordpress\/ -->\n<title>Cookies - Livecasino.net - Livecasino<\/title>\n<meta name=\"description\" content=\"D\u00e4rf\u00f6r anv\u00e4nder Livecasino.net cookies. L\u00e4s mer om v\u00e5r cookiepolicy\" \/>\n<meta name=\"robots\" content=\"index, follow, max-snippet:-1, max-image-preview:large, max-video-preview:-1\" \/>\n<link rel=\"canonical\" href=\"https:\/\/livecasino.net\/sv\/cookies\/\" \/>\n<meta property=\"og:locale\" content=\"sv_SE\" \/>\n<meta property=\"og:type\" content=\"article\" \/>\n<meta property=\"og:title\" content=\"Cookies - Livecasino.net - Livecasino\" \/>\n<meta property=\"og:description\" content=\"D\u00e4rf\u00f6r anv\u00e4nder Livecasino.net cookies. L\u00e4s mer om v\u00e5r cookiepolicy\" \/>\n<meta property=\"og:url\" content=\"https:\/\/livecasino.net\/sv\/cookies\/\" \/>\n<meta property=\"og:site_name\" content=\"Livecasino\" \/>\n<meta property=\"article:modified_time\" content=\"2016-09-07T11:04:21+00:00\" \/>\n<meta name=\"twitter:card\" content=\"summary_large_image\" \/>\n<meta name=\"twitter:label1\" content=\"Ber\u00e4knad l\u00e4stid\" \/>\n\t<meta name=\"twitter:data1\" content=\"1 minut\" \/>\n<script type=\"application\/ld+json\" class=\"yoast-schema-graph\">{\"@context\":\"https:\\\/\\\/schema.org\",\"@graph\":[{\"@type\":\"WebPage\",\"@id\":\"https:\\\/\\\/livecasino.net\\\/sv\\\/cookies\\\/\",\"url\":\"https:\\\/\\\/livecasino.net\\\/sv\\\/cookies\\\/\",\"name\":\"Cookies - Livecasino.net - Livecasino\",\"isPartOf\":{\"@id\":\"https:\\\/\\\/livecasino.net\\\/#website\"},\"datePublished\":\"2016-09-02T12:04:20+00:00\",\"dateModified\":\"2016-09-07T11:04:21+00:00\",\"description\":\"D\u00e4rf\u00f6r anv\u00e4nder Livecasino.net cookies. L\u00e4s mer om v\u00e5r cookiepolicy\",\"breadcrumb\":{\"@id\":\"https:\\\/\\\/livecasino.net\\\/sv\\\/cookies\\\/#breadcrumb\"},\"inLanguage\":\"sv-SE\",\"potentialAction\":[{\"@type\":\"ReadAction\",\"target\":[\"https:\\\/\\\/livecasino.net\\\/sv\\\/cookies\\\/\"]}]},{\"@type\":\"BreadcrumbList\",\"@id\":\"https:\\\/\\\/livecasino.net\\\/sv\\\/cookies\\\/#breadcrumb\",\"itemListElement\":[{\"@type\":\"ListItem\",\"position\":1,\"name\":\"Start\",\"item\":\"https:\\\/\\\/livecasino.net\\\/sv\\\/\"},{\"@type\":\"ListItem\",\"position\":2,\"name\":\"Cookies &#8211; Livecasino.net\"}]},{\"@type\":\"WebSite\",\"@id\":\"https:\\\/\\\/livecasino.net\\\/#website\",\"url\":\"https:\\\/\\\/livecasino.net\\\/\",\"name\":\"Livecasino\",\"description\":\"En till WordPress-webbplats\",\"potentialAction\":[{\"@type\":\"SearchAction\",\"target\":{\"@type\":\"EntryPoint\",\"urlTemplate\":\"https:\\\/\\\/livecasino.net\\\/?s={search_term_string}\"},\"query-input\":{\"@type\":\"PropertyValueSpecification\",\"valueRequired\":true,\"valueName\":\"search_term_string\"}}],\"inLanguage\":\"sv-SE\"}]}<\/script>\n<!-- \/ Yoast SEO plugin. -->","yoast_head_json":{"title":"Cookies - Livecasino.net - Livecasino","description":"D\u00e4rf\u00f6r anv\u00e4nder Livecasino.net cookies. L\u00e4s mer om v\u00e5r cookiepolicy","robots":{"index":"index","follow":"follow","max-snippet":"max-snippet:-1","max-image-preview":"max-image-preview:large","max-video-preview":"max-video-preview:-1"},"canonical":"https:\/\/livecasino.net\/sv\/cookies\/","og_locale":"sv_SE","og_type":"article","og_title":"Cookies - Livecasino.net - Livecasino","og_description":"D\u00e4rf\u00f6r anv\u00e4nder Livecasino.net cookies. L\u00e4s mer om v\u00e5r cookiepolicy","og_url":"https:\/\/livecasino.net\/sv\/cookies\/","og_site_name":"Livecasino","article_modified_time":"2016-09-07T11:04:21+00:00","twitter_card":"summary_large_image","twitter_misc":{"Ber\u00e4knad l\u00e4stid":"1 minut"},"schema":{"@context":"https:\/\/schema.org","@graph":[{"@type":"WebPage","@id":"https:\/\/livecasino.net\/sv\/cookies\/","url":"https:\/\/livecasino.net\/sv\/cookies\/","name":"Cookies - Livecasino.net - Livecasino","isPartOf":{"@id":"https:\/\/livecasino.net\/#website"},"datePublished":"2016-09-02T12:04:20+00:00","dateModified":"2016-09-07T11:04:21+00:00","description":"D\u00e4rf\u00f6r anv\u00e4nder Livecasino.net cookies. L\u00e4s mer om v\u00e5r cookiepolicy","breadcrumb":{"@id":"https:\/\/livecasino.net\/sv\/cookies\/#breadcrumb"},"inLanguage":"sv-SE","potentialAction":[{"@type":"ReadAction","target":["https:\/\/livecasino.net\/sv\/cookies\/"]}]},{"@type":"BreadcrumbList","@id":"https:\/\/livecasino.net\/sv\/cookies\/#breadcrumb","itemListElement":[{"@type":"ListItem","position":1,"name":"Start","item":"https:\/\/livecasino.net\/sv\/"},{"@type":"ListItem","position":2,"name":"Cookies &#8211; Livecasino.net"}]},{"@type":"WebSite","@id":"https:\/\/livecasino.net\/#website","url":"https:\/\/livecasino.net\/","name":"Livecasino","description":"En till WordPress-webbplats","potentialAction":[{"@type":"SearchAction","target":{"@type":"EntryPoint","urlTemplate":"https:\/\/livecasino.net\/?s={search_term_string}"},"query-input":{"@type":"PropertyValueSpecification","valueRequired":true,"valueName":"search_term_string"}}],"inLanguage":"sv-SE"}]}},"_links":{"self":[{"href":"https:\/\/livecasino.net\/sv\/wp-json\/wp\/v2\/pages\/14","targetHints":{"allow":["GET"]}}],"collection":[{"href":"https:\/\/livecasino.net\/sv\/wp-json\/wp\/v2\/pages"}],"about":[{"href":"https:\/\/livecasino.net\/sv\/wp-json\/wp\/v2\/types\/page"}],"author":[{"embeddable":true,"href":"https:\/\/livecasino.net\/sv\/wp-json\/wp\/v2\/users\/2"}],"replies":[{"embeddable":true,"href":"https:\/\/livecasino.net\/sv\/wp-json\/wp\/v2\/comments?post=14"}],"version-history":[{"count":1,"href":"https:\/\/livecasino.net\/sv\/wp-json\/wp\/v2\/pages\/14\/revisions"}],"predecessor-version":[{"id":15,"href":"https:\/\/livecasino.net\/sv\/wp-json\/wp\/v2\/pages\/14\/revisions\/15"}],"wp:attachment":[{"href":"https:\/\/livecasino.net\/sv\/wp-json\/wp\/v2\/media?parent=14"}],"curies":[{"name":"wp","href":"https:\/\/api.w.org\/{rel}","templated":true}]}}