{"id":12,"date":"2016-09-02T14:03:24","date_gmt":"2016-09-02T12:03:24","guid":{"rendered":"http:\/\/www.livecasino.net\/?page_id=12"},"modified":"2017-03-09T09:41:06","modified_gmt":"2017-03-09T08:41:06","slug":"contact","status":"publish","type":"page","link":"https:\/\/livecasino.net\/sv\/contact\/","title":{"rendered":"Kontakta oss p\u00e5 Livecasino.net"},"content":{"rendered":"<p>Vill du komma i kontakt med oss fyller du i ditt meddelande i kontaktformul\u00e4ret, s\u00e5 \u00e5terkommer vi snarast m\u00f6jligt.<br \/>\n[contact-form-7 id=&#8221;31&#8243; title=&#8221;Kontaktformul\u00e4r 1&#8243;]<\/p>\n","protected":false},"excerpt":{"rendered":"<p>Vill du komma i kontakt med oss fyller du i ditt meddelande i kontaktformul\u00e4ret, s\u00e5 \u00e5terkommer vi snarast m\u00f6jligt. [contact-form-7 id=&#8221;31&#8243; title=&#8221;Kontaktformul\u00e4r 1&#8243;]<\/p>\n","protected":false},"author":2,"featured_media":0,"parent":0,"menu_order":0,"comment_status":"closed","ping_status":"closed","template":"","meta":{"footnotes":""},"class_list":["post-12","page","type-page","status-publish","hentry"],"yoast_head":"<!-- This site is optimized with the Yoast SEO plugin v27.4 - https:\/\/yoast.com\/product\/yoast-seo-wordpress\/ -->\n<title>Kontakta oss p\u00e5 Livecasino.net - Livecasino<\/title>\n<meta name=\"robots\" content=\"index, follow, max-snippet:-1, max-image-preview:large, max-video-preview:-1\" \/>\n<link rel=\"canonical\" href=\"https:\/\/livecasino.net\/sv\/contact\/\" \/>\n<meta property=\"og:locale\" content=\"sv_SE\" \/>\n<meta property=\"og:type\" content=\"article\" \/>\n<meta property=\"og:title\" content=\"Kontakta oss p\u00e5 Livecasino.net - Livecasino\" \/>\n<meta property=\"og:description\" content=\"Vill du komma i kontakt med oss fyller du i ditt meddelande i kontaktformul\u00e4ret, s\u00e5 \u00e5terkommer vi snarast m\u00f6jligt. [contact-form-7 id=&#8221;31&#8243; title=&#8221;Kontaktformul\u00e4r 1&#8243;]\" \/>\n<meta property=\"og:url\" content=\"https:\/\/livecasino.net\/sv\/contact\/\" \/>\n<meta property=\"og:site_name\" content=\"Livecasino\" \/>\n<meta property=\"article:modified_time\" content=\"2017-03-09T08:41:06+00:00\" \/>\n<meta name=\"twitter:card\" content=\"summary_large_image\" \/>\n<script type=\"application\/ld+json\" class=\"yoast-schema-graph\">{\"@context\":\"https:\\\/\\\/schema.org\",\"@graph\":[{\"@type\":\"WebPage\",\"@id\":\"https:\\\/\\\/livecasino.net\\\/sv\\\/contact\\\/\",\"url\":\"https:\\\/\\\/livecasino.net\\\/sv\\\/contact\\\/\",\"name\":\"Kontakta oss p\u00e5 Livecasino.net - Livecasino\",\"isPartOf\":{\"@id\":\"https:\\\/\\\/livecasino.net\\\/#website\"},\"datePublished\":\"2016-09-02T12:03:24+00:00\",\"dateModified\":\"2017-03-09T08:41:06+00:00\",\"breadcrumb\":{\"@id\":\"https:\\\/\\\/livecasino.net\\\/sv\\\/contact\\\/#breadcrumb\"},\"inLanguage\":\"sv-SE\",\"potentialAction\":[{\"@type\":\"ReadAction\",\"target\":[\"https:\\\/\\\/livecasino.net\\\/sv\\\/contact\\\/\"]}]},{\"@type\":\"BreadcrumbList\",\"@id\":\"https:\\\/\\\/livecasino.net\\\/sv\\\/contact\\\/#breadcrumb\",\"itemListElement\":[{\"@type\":\"ListItem\",\"position\":1,\"name\":\"Start\",\"item\":\"https:\\\/\\\/livecasino.net\\\/sv\\\/\"},{\"@type\":\"ListItem\",\"position\":2,\"name\":\"Kontakta oss p\u00e5 Livecasino.net\"}]},{\"@type\":\"WebSite\",\"@id\":\"https:\\\/\\\/livecasino.net\\\/#website\",\"url\":\"https:\\\/\\\/livecasino.net\\\/\",\"name\":\"Livecasino\",\"description\":\"En till WordPress-webbplats\",\"potentialAction\":[{\"@type\":\"SearchAction\",\"target\":{\"@type\":\"EntryPoint\",\"urlTemplate\":\"https:\\\/\\\/livecasino.net\\\/?s={search_term_string}\"},\"query-input\":{\"@type\":\"PropertyValueSpecification\",\"valueRequired\":true,\"valueName\":\"search_term_string\"}}],\"inLanguage\":\"sv-SE\"}]}<\/script>\n<!-- \/ Yoast SEO plugin. -->","yoast_head_json":{"title":"Kontakta oss p\u00e5 Livecasino.net - Livecasino","robots":{"index":"index","follow":"follow","max-snippet":"max-snippet:-1","max-image-preview":"max-image-preview:large","max-video-preview":"max-video-preview:-1"},"canonical":"https:\/\/livecasino.net\/sv\/contact\/","og_locale":"sv_SE","og_type":"article","og_title":"Kontakta oss p\u00e5 Livecasino.net - Livecasino","og_description":"Vill du komma i kontakt med oss fyller du i ditt meddelande i kontaktformul\u00e4ret, s\u00e5 \u00e5terkommer vi snarast m\u00f6jligt. [contact-form-7 id=&#8221;31&#8243; title=&#8221;Kontaktformul\u00e4r 1&#8243;]","og_url":"https:\/\/livecasino.net\/sv\/contact\/","og_site_name":"Livecasino","article_modified_time":"2017-03-09T08:41:06+00:00","twitter_card":"summary_large_image","schema":{"@context":"https:\/\/schema.org","@graph":[{"@type":"WebPage","@id":"https:\/\/livecasino.net\/sv\/contact\/","url":"https:\/\/livecasino.net\/sv\/contact\/","name":"Kontakta oss p\u00e5 Livecasino.net - Livecasino","isPartOf":{"@id":"https:\/\/livecasino.net\/#website"},"datePublished":"2016-09-02T12:03:24+00:00","dateModified":"2017-03-09T08:41:06+00:00","breadcrumb":{"@id":"https:\/\/livecasino.net\/sv\/contact\/#breadcrumb"},"inLanguage":"sv-SE","potentialAction":[{"@type":"ReadAction","target":["https:\/\/livecasino.net\/sv\/contact\/"]}]},{"@type":"BreadcrumbList","@id":"https:\/\/livecasino.net\/sv\/contact\/#breadcrumb","itemListElement":[{"@type":"ListItem","position":1,"name":"Start","item":"https:\/\/livecasino.net\/sv\/"},{"@type":"ListItem","position":2,"name":"Kontakta oss p\u00e5 Livecasino.net"}]},{"@type":"WebSite","@id":"https:\/\/livecasino.net\/#website","url":"https:\/\/livecasino.net\/","name":"Livecasino","description":"En till WordPress-webbplats","potentialAction":[{"@type":"SearchAction","target":{"@type":"EntryPoint","urlTemplate":"https:\/\/livecasino.net\/?s={search_term_string}"},"query-input":{"@type":"PropertyValueSpecification","valueRequired":true,"valueName":"search_term_string"}}],"inLanguage":"sv-SE"}]}},"_links":{"self":[{"href":"https:\/\/livecasino.net\/sv\/wp-json\/wp\/v2\/pages\/12","targetHints":{"allow":["GET"]}}],"collection":[{"href":"https:\/\/livecasino.net\/sv\/wp-json\/wp\/v2\/pages"}],"about":[{"href":"https:\/\/livecasino.net\/sv\/wp-json\/wp\/v2\/types\/page"}],"author":[{"embeddable":true,"href":"https:\/\/livecasino.net\/sv\/wp-json\/wp\/v2\/users\/2"}],"replies":[{"embeddable":true,"href":"https:\/\/livecasino.net\/sv\/wp-json\/wp\/v2\/comments?post=12"}],"version-history":[{"count":2,"href":"https:\/\/livecasino.net\/sv\/wp-json\/wp\/v2\/pages\/12\/revisions"}],"predecessor-version":[{"id":55,"href":"https:\/\/livecasino.net\/sv\/wp-json\/wp\/v2\/pages\/12\/revisions\/55"}],"wp:attachment":[{"href":"https:\/\/livecasino.net\/sv\/wp-json\/wp\/v2\/media?parent=12"}],"curies":[{"name":"wp","href":"https:\/\/api.w.org\/{rel}","templated":true}]}}